{"id":1765,"date":"2014-02-14T15:39:59","date_gmt":"2014-02-14T14:39:59","guid":{"rendered":"http:\/\/sha.univ-poitiers.fr\/philo\/formations\/master-philosophie-parcours-professionnel-mediation-et-modele-de-developpement\/master-philosophie-parcours-professionnel-mediation-et-modele-de-developpement\/"},"modified":"2024-06-14T15:27:00","modified_gmt":"2024-06-14T13:27:00","slug":"master-de-philosophie-parcours-mediations-et-societe","status":"publish","type":"page","link":"https:\/\/sha.univ-poitiers.fr\/philo\/master-de-philosophie\/master-de-philosophie-parcours-mediations-et-societe\/","title":{"rendered":"Master de Philosophie, parcours \u00ab\u00a0M\u00e9diations et soci\u00e9t\u00e9\u00a0\u00bb"},"content":{"rendered":"","protected":false},"excerpt":{"rendered":"","protected":false},"author":5,"featured_media":0,"parent":2273,"menu_order":0,"comment_status":"closed","ping_status":"closed","template":"","meta":{"_relevanssi_hide_post":"","_relevanssi_hide_content":"","_relevanssi_pin_for_all":"","_relevanssi_pin_keywords":"","_relevanssi_unpin_keywords":"","_relevanssi_related_keywords":"","_relevanssi_related_include_ids":"","_relevanssi_related_exclude_ids":"","_relevanssi_related_no_append":"","_relevanssi_related_not_related":"","_relevanssi_related_posts":"","_relevanssi_noindex_reason":""},"acf":[],"_links":{"self":[{"href":"https:\/\/sha.univ-poitiers.fr\/philo\/wp-json\/wp\/v2\/pages\/1765"}],"collection":[{"href":"https:\/\/sha.univ-poitiers.fr\/philo\/wp-json\/wp\/v2\/pages"}],"about":[{"href":"https:\/\/sha.univ-poitiers.fr\/philo\/wp-json\/wp\/v2\/types\/page"}],"author":[{"embeddable":true,"href":"https:\/\/sha.univ-poitiers.fr\/philo\/wp-json\/wp\/v2\/users\/5"}],"replies":[{"embeddable":true,"href":"https:\/\/sha.univ-poitiers.fr\/philo\/wp-json\/wp\/v2\/comments?post=1765"}],"version-history":[{"count":3,"href":"https:\/\/sha.univ-poitiers.fr\/philo\/wp-json\/wp\/v2\/pages\/1765\/revisions"}],"predecessor-version":[{"id":4510,"href":"https:\/\/sha.univ-poitiers.fr\/philo\/wp-json\/wp\/v2\/pages\/1765\/revisions\/4510"}],"up":[{"embeddable":true,"href":"https:\/\/sha.univ-poitiers.fr\/philo\/wp-json\/wp\/v2\/pages\/2273"}],"wp:attachment":[{"href":"https:\/\/sha.univ-poitiers.fr\/philo\/wp-json\/wp\/v2\/media?parent=1765"}],"curies":[{"name":"wp","href":"https:\/\/api.w.org\/{rel}","templated":true}]}}